{"id":69,"date":"2025-03-25T13:49:21","date_gmt":"2025-03-25T13:49:21","guid":{"rendered":"https:\/\/doroslov.hr\/?page_id=69"},"modified":"2025-03-27T11:57:34","modified_gmt":"2025-03-27T11:57:34","slug":"vizija-i-misija-2","status":"publish","type":"page","link":"https:\/\/doroslov.hr\/index.php\/vizija-i-misija-2\/","title":{"rendered":"Vizija i misija"},"content":{"rendered":"\n<div class=\"wp-block-group alignfull has-global-padding is-layout-constrained wp-container-core-group-is-layout-d89aad35 wp-block-group-is-layout-constrained\" style=\"margin-top:0;margin-bottom:0;padding-top:var(--wp--preset--spacing--50);padding-right:var(--wp--preset--spacing--50);padding-bottom:var(--wp--preset--spacing--50);padding-left:var(--wp--preset--spacing--50)\">\n<div class=\"wp-block-columns alignwide are-vertically-aligned-center is-layout-flex wp-container-core-columns-is-layout-47c06fe3 wp-block-columns-is-layout-flex\">\n<div class=\"wp-block-column is-vertically-aligned-center is-layout-flow wp-block-column-is-layout-flow\" style=\"flex-basis:50%\">\n<h2 class=\"wp-block-heading\">Vizija<\/h2>\n\n\n\n<p>Vizija tvrtke Doroslov d.o.o. je biti prepoznata kao pouzdana, kvalitetna, efikasna i u\u010dinkovita tvrtka u pru\u017eanju komunalnih usluga, odr\u017eavanju gradske \u010disto\u0107e i zelenila te zbrinjavanju neopasnog otpada. Kroz stalnu kontrolu rada i analizu kvalitete rada, posti\u0107i potpuno zadovoljene potreba na\u0161ih korisnika kroz kvalitetnu uslugu. Usvajanje i razvoj novih usluga i proizvoda na podru\u010dju o\u010duvanja okoli\u0161a, pobolj\u0161anje kvalitete \u017eivljenja kako sada\u0161njih, tako i budu\u0107ih generacija na\u0161eg Grada, stalnim i kvalitetnim odr\u017eavanjem \u010disto\u0107e i odlaganjem komunalnog otpada na ekoli\u0161ki prihvatljiv na\u010din. Odr\u017eati pozitivnu sliku i odnos s javnosti i gra\u0111anima.<\/p>\n\n\n\n<h2 class=\"wp-block-heading\">Misija<\/h2>\n\n\n\n<p>Misija tvrtke Doroslov d.o.o. je osigurati kvalitetno i u\u010dinkovito obavljanje komunalnih usluga, odr\u017eavanje objekata i ure\u0111aja komunalne infrastrukture, a sve uz maksimalno po\u0161tivanje na\u010dela za\u0161tite okoli\u0161a, zdravstvene ispravnosti te zadovoljenja potreba gra\u0111ana.<\/p>\n<\/div>\n\n\n\n<div class=\"wp-block-column is-vertically-aligned-center is-layout-flow wp-block-column-is-layout-flow\" style=\"flex-basis:50%\">\n<figure class=\"wp-block-image size-full is-style-rounded is-style-rounded--1\"><img loading=\"lazy\" decoding=\"async\" width=\"1344\" height=\"896\" src=\"https:\/\/doroslov.hr\/wp-content\/uploads\/2025\/03\/grad-crtez.jpg\" alt=\"\" class=\"wp-image-40\" style=\"aspect-ratio:4\/3;object-fit:cover\" srcset=\"https:\/\/doroslov.hr\/wp-content\/uploads\/2025\/03\/grad-crtez.jpg 1344w, https:\/\/doroslov.hr\/wp-content\/uploads\/2025\/03\/grad-crtez-300x200.jpg 300w, https:\/\/doroslov.hr\/wp-content\/uploads\/2025\/03\/grad-crtez-1024x683.jpg 1024w, https:\/\/doroslov.hr\/wp-content\/uploads\/2025\/03\/grad-crtez-768x512.jpg 768w\" sizes=\"auto, (max-width: 1344px) 100vw, 1344px\" \/><\/figure>\n<\/div>\n<\/div>\n<\/div>\n","protected":false},"excerpt":{"rendered":"<p>Vizija Vizija tvrtke Doroslov d.o.o. je biti prepoznata kao pouzdana, kvalitetna, efikasna i u\u010dinkovita tvrtka u pru\u017eanju komunalnih usluga, odr\u017eavanju gradske \u010disto\u0107e i zelenila te zbrinjavanju neopasnog otpada. Kroz stalnu kontrolu rada i analizu kvalitete rada, posti\u0107i potpuno zadovoljene potreba na\u0161ih korisnika kroz kvalitetnu uslugu. Usvajanje i razvoj novih usluga i proizvoda na podru\u010dju o\u010duvanja [&hellip;]<\/p>\n","protected":false},"author":1,"featured_media":0,"parent":0,"menu_order":0,"comment_status":"closed","ping_status":"closed","template":"","meta":{"footnotes":""},"class_list":["post-69","page","type-page","status-publish","hentry"],"_links":{"self":[{"href":"https:\/\/doroslov.hr\/index.php\/wp-json\/wp\/v2\/pages\/69","targetHints":{"allow":["GET"]}}],"collection":[{"href":"https:\/\/doroslov.hr\/index.php\/wp-json\/wp\/v2\/pages"}],"about":[{"href":"https:\/\/doroslov.hr\/index.php\/wp-json\/wp\/v2\/types\/page"}],"author":[{"embeddable":true,"href":"https:\/\/doroslov.hr\/index.php\/wp-json\/wp\/v2\/users\/1"}],"replies":[{"embeddable":true,"href":"https:\/\/doroslov.hr\/index.php\/wp-json\/wp\/v2\/comments?post=69"}],"version-history":[{"count":4,"href":"https:\/\/doroslov.hr\/index.php\/wp-json\/wp\/v2\/pages\/69\/revisions"}],"predecessor-version":[{"id":192,"href":"https:\/\/doroslov.hr\/index.php\/wp-json\/wp\/v2\/pages\/69\/revisions\/192"}],"wp:attachment":[{"href":"https:\/\/doroslov.hr\/index.php\/wp-json\/wp\/v2\/media?parent=69"}],"curies":[{"name":"wp","href":"https:\/\/api.w.org\/{rel}","templated":true}]}}