{"id":350,"date":"2026-01-23T11:21:43","date_gmt":"2026-01-23T11:21:43","guid":{"rendered":"https:\/\/doroslov.hr\/?page_id=350"},"modified":"2026-01-27T12:53:47","modified_gmt":"2026-01-27T12:53:47","slug":"dokumenti","status":"publish","type":"page","link":"https:\/\/doroslov.hr\/index.php\/dokumenti\/","title":{"rendered":"Dokumenti"},"content":{"rendered":"\n<div data-wp-interactive=\"core\/file\" class=\"wp-block-file\"><object data-wp-bind--hidden=\"!state.hasPdfPreview\" hidden class=\"wp-block-file__embed\" data=\"https:\/\/doroslov.hr\/wp-content\/uploads\/2026\/01\/Odluka-o-nacinu-sakupljanja-otpada.pdf\" type=\"application\/pdf\" style=\"width:100%;height:600px\" aria-label=\"Embed of Odluka o na\u010dinu sakupljanja otpada.\"><\/object><a id=\"wp-block-file--media-b360973b-9e72-4414-be47-431bb8eb9c44\" href=\"https:\/\/doroslov.hr\/wp-content\/uploads\/2026\/01\/Odluka-o-nacinu-sakupljanja-otpada.pdf\">Odluka o na\u010dinu sakupljanja otpada<\/a><a href=\"https:\/\/doroslov.hr\/wp-content\/uploads\/2026\/01\/Odluka-o-nacinu-sakupljanja-otpada.pdf\" class=\"wp-block-file__button wp-element-button\" download aria-describedby=\"wp-block-file--media-b360973b-9e72-4414-be47-431bb8eb9c44\">Download<\/a><\/div>\n\n\n\n<div data-wp-interactive=\"core\/file\" class=\"wp-block-file\"><object data-wp-bind--hidden=\"!state.hasPdfPreview\" hidden class=\"wp-block-file__embed\" data=\"https:\/\/doroslov.hr\/wp-content\/uploads\/2026\/01\/Opci-uvjeti-komunalne-usluge-sakupljanja-odvoza-i-odlaganja-komunalnog-otpada.pdf\" type=\"application\/pdf\" style=\"width:100%;height:600px\" aria-label=\"Embed of Op\u0107i uvjeti komunalne usluge sakupljanja, odvoza i odlaganja komunalnog otpada.\"><\/object><a id=\"wp-block-file--media-d5b593bd-1b1e-4139-a977-e1fe02a80e08\" href=\"https:\/\/doroslov.hr\/wp-content\/uploads\/2026\/01\/Opci-uvjeti-komunalne-usluge-sakupljanja-odvoza-i-odlaganja-komunalnog-otpada.pdf\">Op\u0107i uvjeti komunalne usluge sakupljanja, odvoza i odlaganja komunalnog otpada<\/a><a href=\"https:\/\/doroslov.hr\/wp-content\/uploads\/2026\/01\/Opci-uvjeti-komunalne-usluge-sakupljanja-odvoza-i-odlaganja-komunalnog-otpada.pdf\" class=\"wp-block-file__button wp-element-button\" download aria-describedby=\"wp-block-file--media-d5b593bd-1b1e-4139-a977-e1fe02a80e08\">Download<\/a><\/div>\n\n\n\n<div data-wp-interactive=\"core\/file\" class=\"wp-block-file\"><object data-wp-bind--hidden=\"!state.hasPdfPreview\" hidden class=\"wp-block-file__embed\" data=\"https:\/\/doroslov.hr\/wp-content\/uploads\/2025\/03\/Cjenik-gospodarenja-otpadom.pdf\" type=\"application\/pdf\" style=\"width:100%;height:600px\" aria-label=\"Embed of Cjenik gospodarenja otpadom.\"><\/object><a id=\"wp-block-file--media-908fc454-c907-42e4-b871-677b4b3ce5c3\" href=\"https:\/\/doroslov.hr\/wp-content\/uploads\/2025\/03\/Cjenik-gospodarenja-otpadom.pdf\">Cjenik gospodarenja otpadom<\/a><a href=\"https:\/\/doroslov.hr\/wp-content\/uploads\/2025\/03\/Cjenik-gospodarenja-otpadom.pdf\" class=\"wp-block-file__button wp-element-button\" download aria-describedby=\"wp-block-file--media-908fc454-c907-42e4-b871-677b4b3ce5c3\">Download<\/a><\/div>\n\n\n\n<div data-wp-interactive=\"core\/file\" class=\"wp-block-file\"><object data-wp-bind--hidden=\"!state.hasPdfPreview\" hidden class=\"wp-block-file__embed\" data=\"https:\/\/doroslov.hr\/wp-content\/uploads\/2026\/01\/CJENIK-NE-KUCANSTVO.pdf\" type=\"application\/pdf\" style=\"width:100%;height:600px\" aria-label=\"Embed of CJENIK NE KU\u0106ANSTVO.\"><\/object><a id=\"wp-block-file--media-a22d6489-2ac5-4386-8623-9506306cdfe5\" href=\"https:\/\/doroslov.hr\/wp-content\/uploads\/2026\/01\/CJENIK-NE-KUCANSTVO.pdf\">CJENIK NE KU\u0106ANSTVO<\/a><a href=\"https:\/\/doroslov.hr\/wp-content\/uploads\/2026\/01\/CJENIK-NE-KUCANSTVO.pdf\" class=\"wp-block-file__button wp-element-button\" download aria-describedby=\"wp-block-file--media-a22d6489-2ac5-4386-8623-9506306cdfe5\">Download<\/a><\/div>\n\n\n\n<div data-wp-interactive=\"core\/file\" class=\"wp-block-file\"><object data-wp-bind--hidden=\"!state.hasPdfPreview\" hidden class=\"wp-block-file__embed\" data=\"https:\/\/doroslov.hr\/wp-content\/uploads\/2026\/01\/Cjenik-REC-ne-kucanstvo_rotated.pdf\" type=\"application\/pdf\" style=\"width:100%;height:600px\" aria-label=\"Embed of Cjenik RECIKLA\u017dNO neku\u0107anstvo.\"><\/object><a id=\"wp-block-file--media-f0eab9db-f6ca-4677-8e3f-e4e9ccfff120\" href=\"https:\/\/doroslov.hr\/wp-content\/uploads\/2026\/01\/Cjenik-REC-ne-kucanstvo_rotated.pdf\">Cjenik RECIKLA\u017dNO neku\u0107anstvo<\/a><a href=\"https:\/\/doroslov.hr\/wp-content\/uploads\/2026\/01\/Cjenik-REC-ne-kucanstvo_rotated.pdf\" class=\"wp-block-file__button wp-element-button\" download aria-describedby=\"wp-block-file--media-f0eab9db-f6ca-4677-8e3f-e4e9ccfff120\">Download<\/a><\/div>\n\n\n\n<div data-wp-interactive=\"core\/file\" class=\"wp-block-file\"><object data-wp-bind--hidden=\"!state.hasPdfPreview\" hidden class=\"wp-block-file__embed\" data=\"https:\/\/doroslov.hr\/wp-content\/uploads\/2026\/01\/sporazum-o-privremenoj-provedbi-mjera-gospodarenja-otpadom-Marijanci.pdf\" type=\"application\/pdf\" style=\"width:100%;height:600px\" aria-label=\"Embed of Sporazum o privremenoj provedbi mjera gospodarenja otpadom - Op\u0107ina Marijanci.\"><\/object><a id=\"wp-block-file--media-b926b5d4-eae5-40af-87f2-39913e175102\" href=\"https:\/\/doroslov.hr\/wp-content\/uploads\/2026\/01\/sporazum-o-privremenoj-provedbi-mjera-gospodarenja-otpadom-Marijanci.pdf\">Sporazum o privremenoj provedbi mjera gospodarenja otpadom &#8211; Op\u0107ina Marijanci<\/a><a href=\"https:\/\/doroslov.hr\/wp-content\/uploads\/2026\/01\/sporazum-o-privremenoj-provedbi-mjera-gospodarenja-otpadom-Marijanci.pdf\" class=\"wp-block-file__button wp-element-button\" download aria-describedby=\"wp-block-file--media-b926b5d4-eae5-40af-87f2-39913e175102\">Download<\/a><\/div>\n\n\n\n<div data-wp-interactive=\"core\/file\" class=\"wp-block-file\"><object data-wp-bind--hidden=\"!state.hasPdfPreview\" hidden class=\"wp-block-file__embed\" data=\"https:\/\/doroslov.hr\/wp-content\/uploads\/2026\/01\/Ocitovanje-o-cjeniku.pdf\" type=\"application\/pdf\" style=\"width:100%;height:600px\" aria-label=\"Embed of Ocitovanje o cjeniku.\"><\/object><a id=\"wp-block-file--media-b27d0e77-89d7-4a1b-9533-87ac4f6c27b0\" href=\"https:\/\/doroslov.hr\/wp-content\/uploads\/2026\/01\/Ocitovanje-o-cjeniku.pdf\">Ocitovanje o cjeniku<\/a><a href=\"https:\/\/doroslov.hr\/wp-content\/uploads\/2026\/01\/Ocitovanje-o-cjeniku.pdf\" class=\"wp-block-file__button wp-element-button\" download aria-describedby=\"wp-block-file--media-b27d0e77-89d7-4a1b-9533-87ac4f6c27b0\">Download<\/a><\/div>\n\n\n\n<div data-wp-interactive=\"core\/file\" class=\"wp-block-file\"><object data-wp-bind--hidden=\"!state.hasPdfPreview\" hidden class=\"wp-block-file__embed\" data=\"https:\/\/doroslov.hr\/wp-content\/uploads\/2026\/01\/Zakljucak-o-davanju-suglasnosti.pdf\" type=\"application\/pdf\" style=\"width:100%;height:600px\" aria-label=\"Embed of Zaklju\u010dak o davanju suglasnosti na cjenik.\"><\/object><a id=\"wp-block-file--media-886f358d-6202-4112-bf1b-e755bb7c4239\" href=\"https:\/\/doroslov.hr\/wp-content\/uploads\/2026\/01\/Zakljucak-o-davanju-suglasnosti.pdf\">Zaklju\u010dak o davanju suglasnosti na cjenik<\/a><a href=\"https:\/\/doroslov.hr\/wp-content\/uploads\/2026\/01\/Zakljucak-o-davanju-suglasnosti.pdf\" class=\"wp-block-file__button wp-element-button\" download aria-describedby=\"wp-block-file--media-886f358d-6202-4112-bf1b-e755bb7c4239\">Download<\/a><\/div>\n\n\n\n<div data-wp-interactive=\"core\/file\" class=\"wp-block-file\"><object data-wp-bind--hidden=\"!state.hasPdfPreview\" hidden class=\"wp-block-file__embed\" data=\"https:\/\/doroslov.hr\/wp-content\/uploads\/2026\/01\/Marijanci_odluka_nacin.pdf\" type=\"application\/pdf\" style=\"width:100%;height:600px\" aria-label=\"Embed of Op\u0107ina Marijanci - Odluka o na\u010dinu pru\u017eanja javne usluge sakupljanja komunalnog otpada.\"><\/object><a id=\"wp-block-file--media-88514b45-887b-4a8a-94b0-2b5b99975fe6\" href=\"https:\/\/doroslov.hr\/wp-content\/uploads\/2026\/01\/Marijanci_odluka_nacin.pdf\">Op\u0107ina Marijanci &#8211; Odluka o na\u010dinu pru\u017eanja javne usluge sakupljanja komunalnog otpada<\/a><a href=\"https:\/\/doroslov.hr\/wp-content\/uploads\/2026\/01\/Marijanci_odluka_nacin.pdf\" class=\"wp-block-file__button wp-element-button\" download aria-describedby=\"wp-block-file--media-88514b45-887b-4a8a-94b0-2b5b99975fe6\">Download<\/a><\/div>\n\n\n\n<p><\/p>\n","protected":false},"excerpt":{"rendered":"","protected":false},"author":1,"featured_media":0,"parent":0,"menu_order":0,"comment_status":"closed","ping_status":"closed","template":"","meta":{"footnotes":""},"class_list":["post-350","page","type-page","status-publish","hentry"],"_links":{"self":[{"href":"https:\/\/doroslov.hr\/index.php\/wp-json\/wp\/v2\/pages\/350","targetHints":{"allow":["GET"]}}],"collection":[{"href":"https:\/\/doroslov.hr\/index.php\/wp-json\/wp\/v2\/pages"}],"about":[{"href":"https:\/\/doroslov.hr\/index.php\/wp-json\/wp\/v2\/types\/page"}],"author":[{"embeddable":true,"href":"https:\/\/doroslov.hr\/index.php\/wp-json\/wp\/v2\/users\/1"}],"replies":[{"embeddable":true,"href":"https:\/\/doroslov.hr\/index.php\/wp-json\/wp\/v2\/comments?post=350"}],"version-history":[{"count":8,"href":"https:\/\/doroslov.hr\/index.php\/wp-json\/wp\/v2\/pages\/350\/revisions"}],"predecessor-version":[{"id":371,"href":"https:\/\/doroslov.hr\/index.php\/wp-json\/wp\/v2\/pages\/350\/revisions\/371"}],"wp:attachment":[{"href":"https:\/\/doroslov.hr\/index.php\/wp-json\/wp\/v2\/media?parent=350"}],"curies":[{"name":"wp","href":"https:\/\/api.w.org\/{rel}","templated":true}]}}