{"id":297,"date":"2025-06-26T12:09:00","date_gmt":"2025-06-26T12:09:00","guid":{"rendered":"https:\/\/doroslov.hr\/?page_id=297"},"modified":"2025-10-29T07:37:46","modified_gmt":"2025-10-29T07:37:46","slug":"groblja","status":"publish","type":"page","link":"https:\/\/doroslov.hr\/index.php\/groblja\/","title":{"rendered":"Groblja"},"content":{"rendered":"\n<div class=\"wp-block-group alignfull has-accent-background-color has-background has-global-padding is-layout-constrained wp-container-core-group-is-layout-669513ed wp-block-group-is-layout-constrained\" style=\"margin-top:0;margin-bottom:0;padding-top:var(--wp--preset--spacing--50);padding-right:var(--wp--preset--spacing--50);padding-bottom:var(--wp--preset--spacing--50);padding-left:var(--wp--preset--spacing--50)\">\n<div class=\"wp-block-columns alignwide is-layout-flex wp-container-core-columns-is-layout-1da03c2a wp-block-columns-is-layout-flex\">\n<div class=\"wp-block-column is-vertically-aligned-stretch is-layout-flow wp-block-column-is-layout-flow\" style=\"flex-basis:50%\">\n<div class=\"wp-block-group is-vertical is-content-justification-stretch is-layout-flex wp-container-core-group-is-layout-444d5ee8 wp-block-group-is-layout-flex\" style=\"min-height:100%\">\n<h2 class=\"wp-block-heading\">WEB GIS aplikacija (katastar)<\/h2>\n\n\n\n<p>Web GIS aplikacije za informiranje gra\u0111ana (klikom na link dolje je dostupan katastar svih grobalja<\/p>\n\n\n\n<p><a href=\"https:\/\/groblja.azurewebsites.net\/donji-miholjac\">https:\/\/groblja.azurewebsites.net\/donji-miholjac<\/a><\/p>\n\n\n\n<p>Aplikaciju mo\u017eete otvoriti mobitelom skeniranje QR koda:<\/p>\n\n\n\n<figure class=\"wp-block-image size-full is-resized\"><img loading=\"lazy\" decoding=\"async\" width=\"675\" height=\"675\" src=\"https:\/\/doroslov.hr\/wp-content\/uploads\/2025\/10\/doroslov-qr-code600.png\" alt=\"\" class=\"wp-image-322\" style=\"width:298px;height:auto\" srcset=\"https:\/\/doroslov.hr\/wp-content\/uploads\/2025\/10\/doroslov-qr-code600.png 675w, https:\/\/doroslov.hr\/wp-content\/uploads\/2025\/10\/doroslov-qr-code600-300x300.png 300w, https:\/\/doroslov.hr\/wp-content\/uploads\/2025\/10\/doroslov-qr-code600-150x150.png 150w\" sizes=\"auto, (max-width: 675px) 100vw, 675px\" \/><\/figure>\n\n\n\n<h2 class=\"wp-block-heading\">Odluke o pona\u0161anjima na grobljima<\/h2>\n\n\n\n<p>Ukoliko imate bilo kakve prijedloge ili komentare u vezi dolje navedenih Odluka, slobodno nam se obratite putem e-maila ili telefona.<br><\/p>\n\n\n\n<p>Odluka o Na\u010dinu pona\u0161anja na groblju &#8211; Donji Miholjac i prigradska naselja<\/p>\n\n\n\n<div data-wp-interactive=\"core\/file\" class=\"wp-block-file\"><object data-wp-bind--hidden=\"!state.hasPdfPreview\" hidden class=\"wp-block-file__embed\" data=\"https:\/\/doroslov.hr\/wp-content\/uploads\/2025\/06\/Odluka-o-Nacinu-ponasanja-na-groblju2025.pdf\" type=\"application\/pdf\" style=\"width:100%;height:600px\" aria-label=\"Embed of Odluka o Na\u010dinu pona\u0161anja na groblju.\"><\/object><a id=\"wp-block-file--media-47d96b19-9650-43f0-84e0-d6d7da796af7\" href=\"https:\/\/doroslov.hr\/wp-content\/uploads\/2025\/06\/Odluka-o-Nacinu-ponasanja-na-groblju2025.pdf\">Odluka o Na\u010dinu pona\u0161anja na groblju<\/a><a href=\"https:\/\/doroslov.hr\/wp-content\/uploads\/2025\/06\/Odluka-o-Nacinu-ponasanja-na-groblju2025.pdf\" class=\"wp-block-file__button wp-element-button\" download aria-describedby=\"wp-block-file--media-47d96b19-9650-43f0-84e0-d6d7da796af7\">Download<\/a><\/div>\n\n\n\n<p>Odluka o Na\u010dinu pona\u0161anja na groblju &#8211; Op\u0107ina Marijanci<\/p>\n\n\n\n<div data-wp-interactive=\"core\/file\" class=\"wp-block-file\"><object data-wp-bind--hidden=\"!state.hasPdfPreview\" hidden class=\"wp-block-file__embed\" data=\"https:\/\/doroslov.hr\/wp-content\/uploads\/2025\/06\/Odluka-o-Nacinu-ponasanja-na-groblju2025-Opcina-Marijanci.pdf\" type=\"application\/pdf\" style=\"width:100%;height:600px\" aria-label=\"Embed of Odluka o Na\u010dinu pona\u0161anja na groblju - Op\u0107ina Marijanci.\"><\/object><a id=\"wp-block-file--media-4df1636b-d16d-43dd-aafb-74ba3af7b74e\" href=\"https:\/\/doroslov.hr\/wp-content\/uploads\/2025\/06\/Odluka-o-Nacinu-ponasanja-na-groblju2025-Opcina-Marijanci.pdf\">Odluka o Na\u010dinu pona\u0161anja na groblju &#8211; Op\u0107ina Marijanci<\/a><a href=\"https:\/\/doroslov.hr\/wp-content\/uploads\/2025\/06\/Odluka-o-Nacinu-ponasanja-na-groblju2025-Opcina-Marijanci.pdf\" class=\"wp-block-file__button wp-element-button\" download aria-describedby=\"wp-block-file--media-4df1636b-d16d-43dd-aafb-74ba3af7b74e\">Download<\/a><\/div>\n\n\n\n<p><\/p>\n\n\n\n<div class=\"wp-block-group has-global-padding is-content-justification-left is-layout-constrained wp-container-core-group-is-layout-9fe8ed88 wp-block-group-is-layout-constrained\">\n<p><\/p>\n<\/div>\n<\/div>\n<\/div>\n\n\n\n<div class=\"wp-block-column is-vertically-aligned-center is-layout-flow wp-block-column-is-layout-flow\" style=\"flex-basis:50%\"><\/div>\n<\/div>\n<\/div>\n\n\n\n<p><\/p>\n","protected":false},"excerpt":{"rendered":"<p>WEB GIS aplikacija (katastar) Web GIS aplikacije za informiranje gra\u0111ana (klikom na link dolje je dostupan katastar svih grobalja https:\/\/groblja.azurewebsites.net\/donji-miholjac Aplikaciju mo\u017eete otvoriti mobitelom skeniranje QR koda: Odluke o pona\u0161anjima na grobljima Ukoliko imate bilo kakve prijedloge ili komentare u vezi dolje navedenih Odluka, slobodno nam se obratite putem e-maila ili telefona. Odluka o Na\u010dinu [&hellip;]<\/p>\n","protected":false},"author":1,"featured_media":0,"parent":0,"menu_order":0,"comment_status":"closed","ping_status":"closed","template":"","meta":{"footnotes":""},"class_list":["post-297","page","type-page","status-publish","hentry"],"_links":{"self":[{"href":"https:\/\/doroslov.hr\/index.php\/wp-json\/wp\/v2\/pages\/297","targetHints":{"allow":["GET"]}}],"collection":[{"href":"https:\/\/doroslov.hr\/index.php\/wp-json\/wp\/v2\/pages"}],"about":[{"href":"https:\/\/doroslov.hr\/index.php\/wp-json\/wp\/v2\/types\/page"}],"author":[{"embeddable":true,"href":"https:\/\/doroslov.hr\/index.php\/wp-json\/wp\/v2\/users\/1"}],"replies":[{"embeddable":true,"href":"https:\/\/doroslov.hr\/index.php\/wp-json\/wp\/v2\/comments?post=297"}],"version-history":[{"count":6,"href":"https:\/\/doroslov.hr\/index.php\/wp-json\/wp\/v2\/pages\/297\/revisions"}],"predecessor-version":[{"id":323,"href":"https:\/\/doroslov.hr\/index.php\/wp-json\/wp\/v2\/pages\/297\/revisions\/323"}],"wp:attachment":[{"href":"https:\/\/doroslov.hr\/index.php\/wp-json\/wp\/v2\/media?parent=297"}],"curies":[{"name":"wp","href":"https:\/\/api.w.org\/{rel}","templated":true}]}}