{"id":254,"date":"2025-04-01T12:53:02","date_gmt":"2025-04-01T12:53:02","guid":{"rendered":"https:\/\/doroslov.hr\/?page_id=254"},"modified":"2025-04-02T12:56:50","modified_gmt":"2025-04-02T12:56:50","slug":"reciklazno-dvoriste","status":"publish","type":"page","link":"https:\/\/doroslov.hr\/index.php\/reciklazno-dvoriste\/","title":{"rendered":"Recikla\u017eno dvori\u0161te i odlagali\u0161te otpada"},"content":{"rendered":"\n<p>U recikla\u017eno dvori\u0161te otpad BESPLATNO mogu odlagati isklju\u010divo gra\u0111ani u koli\u010dinama koje odgovaraju onima koje se proizvedu i sakupljaju u ku\u0107anstvu.<\/p>\n\n\n\n<p>Otpad koji se mo\u017ee dovesti na recikla\u017eno dvori\u0161te:<\/p>\n\n\n\n<p>Papir, karton<br>Ravno staklo, ambala\u017eno staklo,<br>Tekstilni otpad,<br>Baterije,akumulatori,<br>Drveni otpad, glomazni otpad, <br>Tvrda plastika, plasti\u010dna folija<br>Flouroscentne cijevi, \u017earulje<br>Elektri\u010dni otpad,elektroni\u010dki otpad<br>Metalni otpad,<br>Otpadna motorna ulja i ambala\u017ea motornih ulja<\/p>\n\n\n\n<p>Za mije\u0161ani komunalni otpad, potrebno je ishoditi dozvolu. Koli\u010dinu dovezenog otpada vaganjem \u0107e utvrditi djelatnik na odlagali\u0161tu te \u0107e istu upisati na dozvolu. Za koli\u010dinu preko propisane, korisniku \u0107e biti izdan ra\u010dun. Dozvola vrijedi 7 dana od podno\u0161enja zahtjeva.<br>Korisnik ima pravo dovesti 400 kg otpada godi\u0161nje bez dodatnog pla\u0107anja. Za koli\u010dine koje prelaze navedeni limit korisniku \u0107e biti izdan ra\u010dun prema va\u017ee\u0107em cjeniku.<\/p>\n\n\n\n<p>Raspored rada recikla\u017enih dvori\u0161ta mo\u017eete na\u0107i u rubrici <a href=\"https:\/\/doroslov.hr\/index.php\/rasporedi\/\">RASPOREDI.<\/a><\/p>\n\n\n\n<p><br><\/p>\n","protected":false},"excerpt":{"rendered":"<p>U recikla\u017eno dvori\u0161te otpad BESPLATNO mogu odlagati isklju\u010divo gra\u0111ani u koli\u010dinama koje odgovaraju onima koje se proizvedu i sakupljaju u ku\u0107anstvu. Otpad koji se mo\u017ee dovesti na recikla\u017eno dvori\u0161te: Papir, kartonRavno staklo, ambala\u017eno staklo,Tekstilni otpad,Baterije,akumulatori,Drveni otpad, glomazni otpad, Tvrda plastika, plasti\u010dna folijaFlouroscentne cijevi, \u017earuljeElektri\u010dni otpad,elektroni\u010dki otpadMetalni otpad,Otpadna motorna ulja i ambala\u017ea motornih ulja Za mije\u0161ani [&hellip;]<\/p>\n","protected":false},"author":1,"featured_media":0,"parent":0,"menu_order":0,"comment_status":"closed","ping_status":"closed","template":"","meta":{"footnotes":""},"class_list":["post-254","page","type-page","status-publish","hentry"],"_links":{"self":[{"href":"https:\/\/doroslov.hr\/index.php\/wp-json\/wp\/v2\/pages\/254","targetHints":{"allow":["GET"]}}],"collection":[{"href":"https:\/\/doroslov.hr\/index.php\/wp-json\/wp\/v2\/pages"}],"about":[{"href":"https:\/\/doroslov.hr\/index.php\/wp-json\/wp\/v2\/types\/page"}],"author":[{"embeddable":true,"href":"https:\/\/doroslov.hr\/index.php\/wp-json\/wp\/v2\/users\/1"}],"replies":[{"embeddable":true,"href":"https:\/\/doroslov.hr\/index.php\/wp-json\/wp\/v2\/comments?post=254"}],"version-history":[{"count":6,"href":"https:\/\/doroslov.hr\/index.php\/wp-json\/wp\/v2\/pages\/254\/revisions"}],"predecessor-version":[{"id":256,"href":"https:\/\/doroslov.hr\/index.php\/wp-json\/wp\/v2\/pages\/254\/revisions\/256"}],"wp:attachment":[{"href":"https:\/\/doroslov.hr\/index.php\/wp-json\/wp\/v2\/media?parent=254"}],"curies":[{"name":"wp","href":"https:\/\/api.w.org\/{rel}","templated":true}]}}