{"id":224,"date":"2025-03-28T09:02:46","date_gmt":"2025-03-28T09:02:46","guid":{"rendered":"https:\/\/doroslov.hr\/?page_id=224"},"modified":"2025-03-28T09:02:46","modified_gmt":"2025-03-28T09:02:46","slug":"podnosenje-prigovora","status":"publish","type":"page","link":"https:\/\/doroslov.hr\/index.php\/podnosenje-prigovora\/","title":{"rendered":"Podno\u0161enje prigovora"},"content":{"rendered":"\n<p>OBAVIJEST O NA\u010cINU PODNO\u0160ENJA PRIGOVORA POTRO\u0160A\u010cA<\/p>\n\n\n\n<p>Sukladno \u010dl. 8. st. 2. Zakona o za\u0161titi potro\u0161a\u010da (Nar. nov., br. 79\/07., 125\/07. \u2013isp., 79\/09. i 89\/09. \u2013 isp.) obavje\u0161tavamo potro\u0161a\u010de da prigovor na kvalitetu na\u0161ih usluga mogu dostaviti u pisanom obliku na adresu, elektroni\u010dkom po\u0161tom ili usmeno.<\/p>\n\n\n\n<p>Pisani zahtjev podnosi se na adresu:<br>Doroslov d.o.o., Naselje Tr\u017enica 2a, 31540 Donji Miholjac.<br><br>Elektronska po\u0161ta:<br>info@doroslov.hr<br>Telefax: 031\/632-284<br><br>Usmeno postavljeni zahtjev prima slu\u017ebenik za informiranje:<br>Radnim danom od 7:00 do 15:00 sati<br>Naselje Tr\u017enica 2a<br>31540 Donji Miholjac<br><br>Odgovor na Va\u0161 prigovor dat \u0107emo u pisanom obliku najkasnije 15 dana od dana primitka prigovora.<br><br>Prilog:<br>Zahtjev za pristup informacijama.<\/p>\n\n\n\n<p><\/p>\n","protected":false},"excerpt":{"rendered":"<p>OBAVIJEST O NA\u010cINU PODNO\u0160ENJA PRIGOVORA POTRO\u0160A\u010cA Sukladno \u010dl. 8. st. 2. Zakona o za\u0161titi potro\u0161a\u010da (Nar. nov., br. 79\/07., 125\/07. \u2013isp., 79\/09. i 89\/09. \u2013 isp.) obavje\u0161tavamo potro\u0161a\u010de da prigovor na kvalitetu na\u0161ih usluga mogu dostaviti u pisanom obliku na adresu, elektroni\u010dkom po\u0161tom ili usmeno. Pisani zahtjev podnosi se na adresu:Doroslov d.o.o., Naselje Tr\u017enica 2a, [&hellip;]<\/p>\n","protected":false},"author":1,"featured_media":0,"parent":0,"menu_order":0,"comment_status":"closed","ping_status":"closed","template":"","meta":{"footnotes":""},"class_list":["post-224","page","type-page","status-publish","hentry"],"_links":{"self":[{"href":"https:\/\/doroslov.hr\/index.php\/wp-json\/wp\/v2\/pages\/224","targetHints":{"allow":["GET"]}}],"collection":[{"href":"https:\/\/doroslov.hr\/index.php\/wp-json\/wp\/v2\/pages"}],"about":[{"href":"https:\/\/doroslov.hr\/index.php\/wp-json\/wp\/v2\/types\/page"}],"author":[{"embeddable":true,"href":"https:\/\/doroslov.hr\/index.php\/wp-json\/wp\/v2\/users\/1"}],"replies":[{"embeddable":true,"href":"https:\/\/doroslov.hr\/index.php\/wp-json\/wp\/v2\/comments?post=224"}],"version-history":[{"count":1,"href":"https:\/\/doroslov.hr\/index.php\/wp-json\/wp\/v2\/pages\/224\/revisions"}],"predecessor-version":[{"id":225,"href":"https:\/\/doroslov.hr\/index.php\/wp-json\/wp\/v2\/pages\/224\/revisions\/225"}],"wp:attachment":[{"href":"https:\/\/doroslov.hr\/index.php\/wp-json\/wp\/v2\/media?parent=224"}],"curies":[{"name":"wp","href":"https:\/\/api.w.org\/{rel}","templated":true}]}}