{"id":123,"date":"2025-03-27T07:53:37","date_gmt":"2025-03-27T07:53:37","guid":{"rendered":"https:\/\/doroslov.hr\/?page_id=123"},"modified":"2025-03-27T11:59:21","modified_gmt":"2025-03-27T11:59:21","slug":"djelatnosti","status":"publish","type":"page","link":"https:\/\/doroslov.hr\/index.php\/djelatnosti\/","title":{"rendered":"Djelatnosti"},"content":{"rendered":"\n<p>Tvrtka obavlja slijede\u0107e komunalne djelatnosti:<\/p>\n\n\n\n<ul class=\"wp-block-list\">\n<li>odvoz komunalnog i neopasnog otpada<\/li>\n\n\n\n<li>odr\u017eavanje \u010disto\u0107e i zelenila<\/li>\n\n\n\n<li>upravljanje i odr\u017eavanje grobljima<\/li>\n\n\n\n<li>pogrebne usluge i trgovina pogrebnom opremom<\/li>\n\n\n\n<li>upravljanje tr\u017enicom<\/li>\n\n\n\n<li>zbrinjavanje neopasnog otpada<\/li>\n\n\n\n<li>dimnja\u010darske usluge<\/li>\n\n\n\n<li>parking na javnim povr\u0161inama<\/li>\n\n\n\n<li>gra\u0111evinske usluge<\/li>\n<\/ul>\n\n\n\n<p><\/p>\n","protected":false},"excerpt":{"rendered":"<p>Tvrtka obavlja slijede\u0107e komunalne djelatnosti:<\/p>\n","protected":false},"author":1,"featured_media":0,"parent":0,"menu_order":0,"comment_status":"closed","ping_status":"closed","template":"","meta":{"footnotes":""},"class_list":["post-123","page","type-page","status-publish","hentry"],"_links":{"self":[{"href":"https:\/\/doroslov.hr\/index.php\/wp-json\/wp\/v2\/pages\/123","targetHints":{"allow":["GET"]}}],"collection":[{"href":"https:\/\/doroslov.hr\/index.php\/wp-json\/wp\/v2\/pages"}],"about":[{"href":"https:\/\/doroslov.hr\/index.php\/wp-json\/wp\/v2\/types\/page"}],"author":[{"embeddable":true,"href":"https:\/\/doroslov.hr\/index.php\/wp-json\/wp\/v2\/users\/1"}],"replies":[{"embeddable":true,"href":"https:\/\/doroslov.hr\/index.php\/wp-json\/wp\/v2\/comments?post=123"}],"version-history":[{"count":2,"href":"https:\/\/doroslov.hr\/index.php\/wp-json\/wp\/v2\/pages\/123\/revisions"}],"predecessor-version":[{"id":194,"href":"https:\/\/doroslov.hr\/index.php\/wp-json\/wp\/v2\/pages\/123\/revisions\/194"}],"wp:attachment":[{"href":"https:\/\/doroslov.hr\/index.php\/wp-json\/wp\/v2\/media?parent=123"}],"curies":[{"name":"wp","href":"https:\/\/api.w.org\/{rel}","templated":true}]}}